{"id":558,"date":"2012-05-21T14:17:40","date_gmt":"2012-05-21T14:17:40","guid":{"rendered":"http:\/\/www.alterweb.de\/?page_id=558"},"modified":"2016-12-17T10:33:45","modified_gmt":"2016-12-17T10:33:45","slug":"die-welt-der-linken","status":"publish","type":"page","link":"https:\/\/www.alterweb.de\/?page_id=558","title":{"rendered":"Die Welt der Linken"},"content":{"rendered":"<p><img decoding=\"async\" title=\"Header\" src=\"http:\/\/alterweb.de\/wordpress\/wp-content\/uploads\/2012\/05\/Story-Header.jpg\" alt=\"\" \/><\/p>\n<p style=\"text-align: left;\"><span style=\"font-size: small; font-family: verdana,geneva;\">Noch ist die Linke in sich nicht geschlossen. Sie ist aufgeteilt in Klein und Kleinstgruppen und leider auch in Teilen zerstritten. Doch bei vielen dieser Gruppen finden sich durchaus richtige Ans\u00e4tze, wie diese eine Welt ver\u00e4ndert, im \u00f6koligischen Sinne gerettet, von Ausbeutung und Unterdr\u00fcckung befreit werden kann.<\/span><\/p>\n<p style=\"text-align: left;\"><span style=\"font-size: small; font-family: verdana,geneva;\">Vielen dieser Organisationen ist gemein, dass Parteien \u2013 im herk\u00f6mmlichen Sinne \u2013 in ihren politischen Ans\u00e4tzen keine Rolle mehr, bei der Organisierung und Gestaltung zuk\u00fcnftiger gerechter Gesellschaften, spielen.<\/span><\/p>\n<p style=\"text-align: left;\"><span style=\"font-size: small; font-family: verdana,geneva;\">Auch haben sie einen weitgehend undogmatischen Ansatz und bereits konkrete Vorstellungen, wie zuk\u00fcnftige Gesellschaften gestaltet werden und funtionieren k\u00f6nnten.<img loading=\"lazy\" decoding=\"async\" class=\"alignright\" dir=\"rtl\" title=\"Die drei revolution\u00e4ren Sterne\" src=\"http:\/\/alterweb.de\/wordpress\/wp-content\/uploads\/2012\/05\/DreiStern..jpg\" alt=\"\" width=\"300\" height=\"300\" \/><\/span><\/p>\n<p style=\"text-align: left;\"><span style=\"font-size: small; font-family: verdana,geneva;\">Ich stimme sicher nicht in Allem mit diesen Organisationen \u00fcberein. Doch sie sind es wert, dass man auf sie aufmerksam macht. Sie leisten einen wichtigen \u2013 vor allem auch aktiven \u2013 Beitrag in der Diskusion, wie eine gerechte Gesellschaftsordnung weltweit zu erringen ist.<\/span><\/p>\n<hr title=\"Die Welt der Linken\" size=\"3\" width=\"100%\" \/>\n","protected":false},"excerpt":{"rendered":"<p>Noch ist die Linke in sich nicht geschlossen. Sie ist aufgeteilt in Klein und Kleinstgruppen und leider auch in Teilen zerstritten. Doch bei vielen dieser Gruppen finden sich durchaus richtige Ans\u00e4tze, wie diese eine Welt ver\u00e4ndert, im \u00f6koligischen Sinne gerettet, von Ausbeutung und Unterdr\u00fcckung befreit werden kann. Vielen dieser Organisationen ist gemein, dass Parteien \u2013 &hellip; <a href=\"https:\/\/www.alterweb.de\/?page_id=558\" class=\"more-link\"><span class=\"screen-reader-text\">Die Welt der Linken<\/span> weiterlesen <span class=\"meta-nav\">&rarr;<\/span><\/a><\/p>\n","protected":false},"author":1,"featured_media":0,"parent":0,"menu_order":0,"comment_status":"open","ping_status":"open","template":"","meta":{"footnotes":""},"class_list":["post-558","page","type-page","status-publish","hentry"],"_links":{"self":[{"href":"https:\/\/www.alterweb.de\/index.php?rest_route=\/wp\/v2\/pages\/558","targetHints":{"allow":["GET"]}}],"collection":[{"href":"https:\/\/www.alterweb.de\/index.php?rest_route=\/wp\/v2\/pages"}],"about":[{"href":"https:\/\/www.alterweb.de\/index.php?rest_route=\/wp\/v2\/types\/page"}],"author":[{"embeddable":true,"href":"https:\/\/www.alterweb.de\/index.php?rest_route=\/wp\/v2\/users\/1"}],"replies":[{"embeddable":true,"href":"https:\/\/www.alterweb.de\/index.php?rest_route=%2Fwp%2Fv2%2Fcomments&post=558"}],"version-history":[{"count":14,"href":"https:\/\/www.alterweb.de\/index.php?rest_route=\/wp\/v2\/pages\/558\/revisions"}],"predecessor-version":[{"id":941,"href":"https:\/\/www.alterweb.de\/index.php?rest_route=\/wp\/v2\/pages\/558\/revisions\/941"}],"wp:attachment":[{"href":"https:\/\/www.alterweb.de\/index.php?rest_route=%2Fwp%2Fv2%2Fmedia&parent=558"}],"curies":[{"name":"wp","href":"https:\/\/api.w.org\/{rel}","templated":true}]}}