{"id":357,"date":"2012-05-14T18:04:41","date_gmt":"2012-05-14T18:04:41","guid":{"rendered":"http:\/\/www.alterweb.de\/?page_id=357"},"modified":"2014-09-06T07:43:10","modified_gmt":"2014-09-06T07:43:10","slug":"revolutionar-sozialistische-bund-rsb","status":"publish","type":"page","link":"https:\/\/www.alterweb.de\/?page_id=357","title":{"rendered":"Revolution\u00e4r Sozialistischer Bund (RSB)"},"content":{"rendered":"<hr \/>\n<p><strong><span style=\"font-size: small; font-family: verdana,geneva;\">Was will und was ist der RSB?<\/span><\/strong><\/p>\n<hr \/>\n<p><img loading=\"lazy\" decoding=\"async\" title=\"Image\" src=\"http:\/\/www.rsb4.de\/images\/stories\/Standardbilder\/rsb-Fahne.jpg\" alt=\"Image\" width=\"440\" height=\"279\" border=\"0\" \/><\/p>\n<p style=\"text-align: left;\"><span style=\"font-size: small; font-family: verdana,geneva;\">Der Revolution\u00e4r Sozialistischer Bund (RSB) ist Teil der 1938 gegr\u00fcndeten IV. Internationalen. Sie ist in \u00fcber 50 L\u00e4ndern aktiv und h\u00e4lt grundlegende Probleme der Welt, Krieg, Umweltzerst\u00f6rung, Arbeitslosigkeit, Verarmung und Hunger- im Rahmen der kapitalistischen Gesellschafts- und Wirtschaftsordnung nicht f\u00fcr l\u00f6sbar. Sie strebt eine selbstverwaltete sozialistische Demokratie an, die die Ausbeutung des Menschen durch den Menschen beendet.Deshalb f\u00f6rdert der RSB alle Bem\u00fchungen, aktiv und gemeinsam mit anderen politischen Str\u00f6mungen f\u00fcr die sozialen Errungenschaften, demokratische Rechte und wirtschaftlichen Interessen insbesondere der arbeitenden Klasse einzutreten. Er unterst\u00fctzt den Kampf gegen Rassismus, Frauenunterdr\u00fcckung und jede Art von Diskriminierung. Er setzt sich f\u00fcr den Erhalt der Umwelt ein. Er fordert die politische, rechtliche und soziale Gleichstellung aller in der Bundesrepublik lebenden Menschen und die v\u00f6llige Gleichstellung der Geschlechter. Ziel des RSB ist es, das Vertrauen der Menschen in ihre eigene Kraft zur radikalen Ver\u00e4nderung zu st\u00e4rken.Der Schwerpunkt seiner Aktivit\u00e4ten liegt in den au\u00dferparlamentarischen K\u00e4mpfen.<\/span><\/p>\n<p style=\"text-align: left;\"><strong><a href=\"http:\/\/www.rsb4.de\/\" target=\"_blank\">Revolution\u00e4r sozilistischer Bund (RSB)<\/a><\/strong><\/p>\n<p style=\"text-align: left;\"><strong><a href=\"http:\/\/www.rsb4.de\/content\/view\/14\/53\/\" target=\"_blank\">Zum Programm des RSB <\/a><\/strong><\/p>\n<p style=\"text-align: left;\"><strong><a title=\"Statuten der Internationale\" href=\"http:\/\/www.rsb4.de\/content\/view\/15\/54\/\" target=\"_blank\">Zum organisations-politischen Selbstverst\u00e4ndnis des RSB<br \/> <\/a><\/strong><\/p>\n<p style=\"text-align: left;\"><strong><a href=\"http:\/\/www.rsb4.de\/content\/view\/2307\/162\/\" target=\"_blank\">Zu den Statuten der IV. Internationale<\/a><\/strong><\/p>\n<hr title=\"Die Welt der Linken\" size=\"3\" width=\"100%\" \/>\n","protected":false},"excerpt":{"rendered":"<p>Was will und was ist der RSB? Der Revolution\u00e4r Sozialistischer Bund (RSB) ist Teil der 1938 gegr\u00fcndeten IV. Internationalen. Sie ist in \u00fcber 50 L\u00e4ndern aktiv und h\u00e4lt grundlegende Probleme der Welt, Krieg, Umweltzerst\u00f6rung, Arbeitslosigkeit, Verarmung und Hunger- im Rahmen der kapitalistischen Gesellschafts- und Wirtschaftsordnung nicht f\u00fcr l\u00f6sbar. Sie strebt eine selbstverwaltete sozialistische Demokratie an, &hellip; <a href=\"https:\/\/www.alterweb.de\/?page_id=357\" class=\"more-link\"><span class=\"screen-reader-text\">Revolution\u00e4r Sozialistischer Bund (RSB)<\/span> weiterlesen <span class=\"meta-nav\">&rarr;<\/span><\/a><\/p>\n","protected":false},"author":1,"featured_media":0,"parent":0,"menu_order":4,"comment_status":"open","ping_status":"open","template":"sidebar-page.php","meta":{"footnotes":""},"class_list":["post-357","page","type-page","status-publish","hentry"],"_links":{"self":[{"href":"https:\/\/www.alterweb.de\/index.php?rest_route=\/wp\/v2\/pages\/357","targetHints":{"allow":["GET"]}}],"collection":[{"href":"https:\/\/www.alterweb.de\/index.php?rest_route=\/wp\/v2\/pages"}],"about":[{"href":"https:\/\/www.alterweb.de\/index.php?rest_route=\/wp\/v2\/types\/page"}],"author":[{"embeddable":true,"href":"https:\/\/www.alterweb.de\/index.php?rest_route=\/wp\/v2\/users\/1"}],"replies":[{"embeddable":true,"href":"https:\/\/www.alterweb.de\/index.php?rest_route=%2Fwp%2Fv2%2Fcomments&post=357"}],"version-history":[{"count":36,"href":"https:\/\/www.alterweb.de\/index.php?rest_route=\/wp\/v2\/pages\/357\/revisions"}],"predecessor-version":[{"id":826,"href":"https:\/\/www.alterweb.de\/index.php?rest_route=\/wp\/v2\/pages\/357\/revisions\/826"}],"wp:attachment":[{"href":"https:\/\/www.alterweb.de\/index.php?rest_route=%2Fwp%2Fv2%2Fmedia&parent=357"}],"curies":[{"name":"wp","href":"https:\/\/api.w.org\/{rel}","templated":true}]}}